{"id":8055,"date":"2025-09-13T12:41:03","date_gmt":"2025-09-13T12:41:03","guid":{"rendered":"https:\/\/mountofoliveschurch.ca\/ministry\/"},"modified":"2026-04-22T01:35:53","modified_gmt":"2026-04-22T01:35:53","slug":"ministry","status":"publish","type":"page","link":"https:\/\/mountofoliveschurch.ca\/es\/ministry\/","title":{"rendered":"Ministerio"},"content":{"rendered":"\t\t<div data-elementor-type=\"wp-page\" data-elementor-id=\"8055\" class=\"elementor elementor-8055 elementor-4485\" data-elementor-post-type=\"page\">\n\t\t\t\t<div class=\"e-con-gap-no elementor-element elementor-element-702d35d4 e-flex e-con-boxed sc_layouts_column_icons_position_left animation_type_block elementor-invisible e-con e-parent\" data-animation-type=\"block\" data-id=\"702d35d4\" data-element_type=\"container\" data-e-type=\"container\" data-settings=\"{&quot;background_background&quot;:&quot;classic&quot;,&quot;animation&quot;:&quot;ta_fadein&quot;}\">\n\t\t\t\t\t<div class=\"e-con-inner\">\n\t\t<div class=\"elementor-element elementor-element-44dc2c26 e-con-full e-flex sc_layouts_column_icons_position_left e-con e-child\" data-id=\"44dc2c26\" data-element_type=\"container\" data-e-type=\"container\">\n\t\t\t\t<div class=\"elementor-element elementor-element-6bde7785 sc_fly_static elementor-widget elementor-widget-shortcode\" data-id=\"6bde7785\" data-element_type=\"widget\" data-e-type=\"widget\" data-widget_type=\"shortcode.default\">\n\t\t\t\t\t\t\t<div class=\"elementor-shortcode\"><\/div>\n\t\t\t\t\t\t<\/div>\n\t\t\t\t<\/div>\n\t\t\t\t\t<\/div>\n\t\t\t\t<\/div>\n\t\t<div class=\"elementor-element elementor-element-00bded5 e-con-full e-flex sc_layouts_column_icons_position_left e-con e-parent\" data-id=\"00bded5\" data-element_type=\"container\" data-e-type=\"container\" data-settings=\"{&quot;background_background&quot;:&quot;classic&quot;}\">\n\t\t<div data-animation-type=\"block\" data-stack-section-effect-duration=\"0.1\" data-stack-section-zoom-value=\"0.8\" data-stack-section-transparency-value=\"0\" data-stack-section-blur-value=\"10\" class=\"elementor-element elementor-element-86c5f93 sc_stack_section_on e-con-full sc_stack_section_zoom_on sc_stack_section_transparency_on e-flex sc_layouts_column_icons_position_left animation_type_block sc_stack_section_effect_slide elementor-invisible e-con e-child\" data-id=\"86c5f93\" data-element_type=\"container\" data-e-type=\"container\" data-settings=\"{&quot;animation&quot;:&quot;ta_fadein&quot;,&quot;background_background&quot;:&quot;classic&quot;}\">\n\t\t\t\t<div data-animation-type=\"line\" data-animation-stagger=\"40\" class=\"elementor-element elementor-element-1db5ef8 elementor-widget__width-initial animation_type_line sc_fly_static elementor-invisible elementor-widget elementor-widget-heading\" data-id=\"1db5ef8\" data-element_type=\"widget\" data-e-type=\"widget\" data-settings=\"{&quot;_animation&quot;:&quot;ta_fadeinup&quot;}\" data-widget_type=\"heading.default\">\n\t\t\t\t\t<h4 class=\"elementor-heading-title elementor-size-default\">La intercesi\u00f3n y la adoraci\u00f3n son una parte fundamental de nuestro ministerio.<\/h4>\t\t\t\t<\/div>\n\t\t\t\t<div data-animation-type=\"line\" data-animation-stagger=\"60\" class=\"elementor-element elementor-element-6ae4b5e animation_type_line elementor-widget__width-initial sc_fly_static elementor-invisible elementor-widget elementor-widget-heading\" data-id=\"6ae4b5e\" data-element_type=\"widget\" data-e-type=\"widget\" data-settings=\"{&quot;_animation&quot;:&quot;ta_fadeinup&quot;,&quot;_animation_delay&quot;:150}\" data-widget_type=\"heading.default\">\n\t\t\t\t\t<h2 class=\"elementor-heading-title elementor-size-default\">Ministerio<\/h2>\t\t\t\t<\/div>\n\t\t\t\t<\/div>\n\t\t<div class=\"elementor-element elementor-element-3e21e37 e-con-full e-flex sc_layouts_column_icons_position_left e-con e-child\" data-id=\"3e21e37\" data-element_type=\"container\" data-e-type=\"container\">\n\t\t\t\t<div class=\"elementor-element elementor-element-80b2a8a sc_fly_static elementor-widget elementor-widget-image\" data-id=\"80b2a8a\" data-element_type=\"widget\" data-e-type=\"widget\" data-widget_type=\"image.default\">\n\t\t\t\t\t\t\t\t\t\t\t\t\t\t\t<img fetchpriority=\"high\" decoding=\"async\" width=\"1920\" height=\"1280\" src=\"https:\/\/mountofoliveschurch.ca\/wp-content\/uploads\/2026\/04\/crowd-hands-up.webp\" class=\"attachment-full size-full wp-image-8057\" alt=\"\" srcset=\"https:\/\/mountofoliveschurch.ca\/wp-content\/uploads\/2026\/04\/crowd-hands-up.webp 1920w, https:\/\/mountofoliveschurch.ca\/wp-content\/uploads\/2026\/04\/crowd-hands-up-300x200.webp 300w, https:\/\/mountofoliveschurch.ca\/wp-content\/uploads\/2026\/04\/crowd-hands-up-1024x683.webp 1024w, https:\/\/mountofoliveschurch.ca\/wp-content\/uploads\/2026\/04\/crowd-hands-up-768x512.webp 768w, https:\/\/mountofoliveschurch.ca\/wp-content\/uploads\/2026\/04\/crowd-hands-up-1536x1024.webp 1536w, https:\/\/mountofoliveschurch.ca\/wp-content\/uploads\/2026\/04\/crowd-hands-up-370x247.webp 370w, https:\/\/mountofoliveschurch.ca\/wp-content\/uploads\/2026\/04\/crowd-hands-up-924x616.webp 924w, https:\/\/mountofoliveschurch.ca\/wp-content\/uploads\/2026\/04\/crowd-hands-up-410x273.webp 410w\" sizes=\"(max-width: 1920px) 100vw, 1920px\" \/>\t\t\t\t\t\t\t\t\t\t\t\t\t\t\t<\/div>\n\t\t\t\t<\/div>\n\t\t\t\t<\/div>\n\t\t<div class=\"elementor-element elementor-element-22dbd23 e-flex e-con-boxed sc_layouts_column_icons_position_left e-con e-parent\" data-id=\"22dbd23\" data-element_type=\"container\" data-e-type=\"container\">\n\t\t\t\t\t<div class=\"e-con-inner\">\n\t\t<div class=\"elementor-element elementor-element-4225829 e-con-full e-flex sc_layouts_column_icons_position_left e-con e-child\" data-id=\"4225829\" data-element_type=\"container\" data-e-type=\"container\">\n\t\t\t\t<div data-animation-type=\"block\" class=\"elementor-element elementor-element-97c07de animation_type_block sc_fly_static elementor-invisible elementor-widget elementor-widget-heading\" data-id=\"97c07de\" data-element_type=\"widget\" data-e-type=\"widget\" data-settings=\"{&quot;_animation&quot;:&quot;ta_fadeinup&quot;}\" data-widget_type=\"heading.default\">\n\t\t\t\t\t<h6 class=\"elementor-heading-title elementor-size-default\">Explora nuestro MINISTERIO<\/h6>\t\t\t\t<\/div>\n\t\t\t\t<\/div>\n\t\t<div class=\"elementor-element elementor-element-61f4636 e-con-full e-flex sc_layouts_column_icons_position_left e-con e-child\" data-id=\"61f4636\" data-element_type=\"container\" data-e-type=\"container\">\n\t\t\t\t<div class=\"elementor-element elementor-element-def23b2 sc_fly_static elementor-widget elementor-widget-heading\" data-id=\"def23b2\" data-element_type=\"widget\" data-e-type=\"widget\" data-widget_type=\"heading.default\">\n\t\t\t\t\t<h2 class=\"elementor-heading-title elementor-size-default\">Intercesi\u00f3n y Adoraci\u00f3n <br>(Oraci\u00f3n de intercesi\u00f3n) <\/h2>\t\t\t\t<\/div>\n\t\t\t\t<div class=\"elementor-element elementor-element-a2920a8 sc_fly_static elementor-widget elementor-widget-text-editor\" data-id=\"a2920a8\" data-element_type=\"widget\" data-e-type=\"widget\" data-widget_type=\"text-editor.default\">\n\t\t\t\t\t\t\t\t\t<p>La intercesi\u00f3n y la adoraci\u00f3n son parte fundamental de nuestro ministerio.<\/p><p>Cristo nos mostr\u00f3 su ejemplo como el Gran Intercesor. Entreg\u00f3 su vida por la humanidad por amor. De la misma manera, como iglesia, compartimos ese mismo sentir: interceder mediante la oraci\u00f3n por miles de personas necesitadas hoy, no solo en nuestra ciudad, sino en todas partes.<\/p><p><em>Amar\u00e1s al Se\u00f1or tu Dios con todo tu coraz\u00f3n, con toda tu alma, con todas tus fuerzas y con toda tu mente; y a tu pr\u00f3jimo como a ti mismo<\/em> <em>(Lucas 10:27).<\/em><\/p>\t\t\t\t\t\t\t\t<\/div>\n\t\t\t\t<\/div>\n\t\t\t\t\t<\/div>\n\t\t\t\t<\/div>\n\t\t<div class=\"e-con-gap-no elementor-element elementor-element-d01a6d1 e-flex e-con-boxed sc_layouts_column_icons_position_left e-con e-parent\" data-id=\"d01a6d1\" data-element_type=\"container\" data-e-type=\"container\" data-settings=\"{&quot;background_background&quot;:&quot;classic&quot;}\">\n\t\t\t\t\t<div class=\"e-con-inner\">\n\t\t<div class=\"e-con-gap-no elementor-element elementor-element-18ad5a8 e-con-full e-flex sc_layouts_column_icons_position_left e-con e-child\" data-id=\"18ad5a8\" data-element_type=\"container\" data-e-type=\"container\" data-settings=\"{&quot;background_background&quot;:&quot;classic&quot;}\">\n\t\t\t\t<\/div>\n\t\t<div class=\"elementor-element elementor-element-445f5b0 e-con-full e-flex sc_layouts_column_icons_position_left e-con e-child\" data-id=\"445f5b0\" data-element_type=\"container\" data-e-type=\"container\">\n\t\t\t\t<div data-animation-type=\"block\" class=\"elementor-element elementor-element-8123a1d animation_type_block sc_fly_static elementor-invisible elementor-widget elementor-widget-heading\" data-id=\"8123a1d\" data-element_type=\"widget\" data-e-type=\"widget\" data-settings=\"{&quot;_animation&quot;:&quot;ta_fadeinup&quot;}\" data-widget_type=\"heading.default\">\n\t\t\t\t\t<h6 class=\"elementor-heading-title elementor-size-default\">La mujer en la visi\u00f3n de Dios es la versi\u00f3n perfecta.<\/h6>\t\t\t\t<\/div>\n\t\t\t\t<div class=\"elementor-element elementor-element-2e390e1 sc_fly_static elementor-widget elementor-widget-heading\" data-id=\"2e390e1\" data-element_type=\"widget\" data-e-type=\"widget\" data-widget_type=\"heading.default\">\n\t\t\t\t\t<h2 class=\"elementor-heading-title elementor-size-default\">Ministerio de Mujeres<\/h2>\t\t\t\t<\/div>\n\t\t\t\t<div class=\"elementor-element elementor-element-f1da477 sc_fly_static elementor-widget elementor-widget-text-editor\" data-id=\"f1da477\" data-element_type=\"widget\" data-e-type=\"widget\" data-widget_type=\"text-editor.default\">\n\t\t\t\t\t\t\t\t\t<p><em>Y ser\u00e1s corona de gloria en la mano del Se\u00f1or, y diadema del reino en la mano de tu Dios (Isa\u00edas 62:3).<\/em><\/p><p>La mujer en la visi\u00f3n de Dios es el modelo perfecto que debemos considerar al buscar nuestro valor e identidad.<\/p><p>Dios no cre\u00f3 a las mujeres para ser ciudadanas de segunda clase. Somos la corona de la creaci\u00f3n.<\/p><p>Una corona simboliza gloria, posici\u00f3n, dignidad, nobleza, admiraci\u00f3n, respeto, reconocimiento y excelencia.<\/p><p>Muchas veces, tenemos una imagen distorsionada de nosotras mismas; no nos sentimos valoradas ni honradas. Pero Dios nos cre\u00f3 como una corona, destinada a ser exhibida.<\/p><p>Descubrir tu identidad desde la perspectiva de Dios transforma la vida. Trae sanaci\u00f3n, libertad y restauraci\u00f3n.<\/p><p>La creaci\u00f3n estar\u00eda incompleta sin la mujer. En ella, Dios revela su creatividad, gracia y naturaleza protectora.<\/p>\t\t\t\t\t\t\t\t<\/div>\n\t\t\t\t<\/div>\n\t\t\t\t\t<\/div>\n\t\t\t\t<\/div>\n\t\t<div class=\"e-con-gap-no elementor-element elementor-element-45e3db2 e-flex e-con-boxed sc_layouts_column_icons_position_left e-con e-parent\" data-id=\"45e3db2\" data-element_type=\"container\" data-e-type=\"container\" data-settings=\"{&quot;background_background&quot;:&quot;classic&quot;}\">\n\t\t\t\t\t<div class=\"e-con-inner\">\n\t\t<div class=\"elementor-element elementor-element-6f08931 e-con-full e-flex sc_layouts_column_icons_position_left e-con e-child\" data-id=\"6f08931\" data-element_type=\"container\" data-e-type=\"container\">\n\t\t\t\t<div data-animation-type=\"block\" class=\"elementor-element elementor-element-1fa2980 animation_type_block sc_fly_static elementor-invisible elementor-widget elementor-widget-heading\" data-id=\"1fa2980\" data-element_type=\"widget\" data-e-type=\"widget\" data-settings=\"{&quot;_animation&quot;:&quot;ta_fadeinup&quot;}\" data-widget_type=\"heading.default\">\n\t\t\t\t\t<h6 class=\"elementor-heading-title elementor-size-default\">Cristo nos mostr\u00f3 su ejemplo como el Gran Intercesor.<\/h6>\t\t\t\t<\/div>\n\t\t\t\t<div class=\"elementor-element elementor-element-fd7a582 sc_fly_static elementor-widget elementor-widget-heading\" data-id=\"fd7a582\" data-element_type=\"widget\" data-e-type=\"widget\" data-widget_type=\"heading.default\">\n\t\t\t\t\t<h2 class=\"elementor-heading-title elementor-size-default\">Ministerio de Ni\u00f1os<br>\n(Sala de juegos) <\/h2>\t\t\t\t<\/div>\n\t\t\t\t<div class=\"elementor-element elementor-element-18614d1 sc_fly_static elementor-widget elementor-widget-text-editor\" data-id=\"18614d1\" data-element_type=\"widget\" data-e-type=\"widget\" data-widget_type=\"text-editor.default\">\n\t\t\t\t\t\t\t\t\t<p>Para nosotros es importante que toda la familia venga a la iglesia a escuchar la Palabra de Dios.<\/p><p>Los ni\u00f1os son importantes para nosotros. Por eso, tienen un espacio reservado para ellos donde pueden jugar, aprender y asistir a sus clases mientras sus padres est\u00e1n en el santuario.<\/p>\t\t\t\t\t\t\t\t<\/div>\n\t\t\t\t<\/div>\n\t\t<div class=\"e-con-gap-no elementor-element elementor-element-682aa4b e-con-full e-flex sc_layouts_column_icons_position_left e-con e-child\" data-id=\"682aa4b\" data-element_type=\"container\" data-e-type=\"container\" data-settings=\"{&quot;background_background&quot;:&quot;classic&quot;}\">\n\t\t\t\t<\/div>\n\t\t\t\t\t<\/div>\n\t\t\t\t<\/div>\n\t\t\t\t<\/div>\n\t\t","protected":false},"excerpt":{"rendered":"<p>La intercesi\u00f3n y la adoraci\u00f3n son una parte fundamental de nuestro ministerio. Ministerio&hellip;<\/p>\n","protected":false},"author":1,"featured_media":0,"parent":0,"menu_order":0,"comment_status":"closed","ping_status":"closed","template":"","meta":{"give_campaign_id":0,"_price":"","_stock":"","_tribe_ticket_header":"","_tribe_default_ticket_provider":"TEC\\Tickets\\Commerce\\Module","_tribe_ticket_capacity":"0","_ticket_start_date":"","_ticket_end_date":"","_tribe_ticket_show_description":"","_tribe_ticket_show_not_going":false,"_tribe_ticket_use_global_stock":"","_tribe_ticket_global_stock_level":"","_global_stock_mode":"","_global_stock_cap":"","_tribe_rsvp_for_event":"","_tribe_ticket_going_count":"","_tribe_ticket_not_going_count":"","_tribe_tickets_list":"[]","_tribe_ticket_has_attendee_info_fields":false,"footnotes":"","_tec_slr_enabled":"","_tec_slr_layout":""},"class_list":["post-8055","page","type-page","status-publish","hentry"],"campaignId":"","ticketed":false,"_links":{"self":[{"href":"https:\/\/mountofoliveschurch.ca\/es\/wp-json\/wp\/v2\/pages\/8055","targetHints":{"allow":["GET"]}}],"collection":[{"href":"https:\/\/mountofoliveschurch.ca\/es\/wp-json\/wp\/v2\/pages"}],"about":[{"href":"https:\/\/mountofoliveschurch.ca\/es\/wp-json\/wp\/v2\/types\/page"}],"author":[{"embeddable":true,"href":"https:\/\/mountofoliveschurch.ca\/es\/wp-json\/wp\/v2\/users\/1"}],"replies":[{"embeddable":true,"href":"https:\/\/mountofoliveschurch.ca\/es\/wp-json\/wp\/v2\/comments?post=8055"}],"version-history":[{"count":7,"href":"https:\/\/mountofoliveschurch.ca\/es\/wp-json\/wp\/v2\/pages\/8055\/revisions"}],"predecessor-version":[{"id":8073,"href":"https:\/\/mountofoliveschurch.ca\/es\/wp-json\/wp\/v2\/pages\/8055\/revisions\/8073"}],"wp:attachment":[{"href":"https:\/\/mountofoliveschurch.ca\/es\/wp-json\/wp\/v2\/media?parent=8055"}],"curies":[{"name":"wp","href":"https:\/\/api.w.org\/{rel}","templated":true}]}}