{"id":8092,"date":"2026-04-14T06:29:05","date_gmt":"2026-04-14T06:29:05","guid":{"rendered":"https:\/\/mountofoliveschurch.ca\/mission\/"},"modified":"2026-04-22T08:15:22","modified_gmt":"2026-04-22T08:15:22","slug":"mission","status":"publish","type":"page","link":"https:\/\/mountofoliveschurch.ca\/es\/mission\/","title":{"rendered":"Misi\u00f3n"},"content":{"rendered":"\t\t<div data-elementor-type=\"wp-page\" data-elementor-id=\"8092\" class=\"elementor elementor-8092 elementor-7625\" data-elementor-post-type=\"page\">\n\t\t\t\t<div class=\"e-con-gap-no elementor-element elementor-element-6ac6c705 e-flex e-con-boxed sc_layouts_column_icons_position_left animation_type_block elementor-invisible e-con e-parent\" data-animation-type=\"block\" data-id=\"6ac6c705\" data-element_type=\"container\" data-e-type=\"container\" data-settings=\"{&quot;background_background&quot;:&quot;classic&quot;,&quot;animation&quot;:&quot;ta_fadein&quot;}\">\n\t\t\t\t\t<div class=\"e-con-inner\">\n\t\t<div class=\"elementor-element elementor-element-170d98a9 e-con-full e-flex sc_layouts_column_icons_position_left e-con e-child\" data-id=\"170d98a9\" data-element_type=\"container\" data-e-type=\"container\">\n\t\t\t\t<div class=\"elementor-element elementor-element-31fd2988 sc_fly_static elementor-widget elementor-widget-shortcode\" data-id=\"31fd2988\" data-element_type=\"widget\" data-e-type=\"widget\" data-widget_type=\"shortcode.default\">\n\t\t\t\t\t\t\t<div class=\"elementor-shortcode\"><\/div>\n\t\t\t\t\t\t<\/div>\n\t\t\t\t<\/div>\n\t\t\t\t\t<\/div>\n\t\t\t\t<\/div>\n\t\t<div class=\"elementor-element elementor-element-2d0f322 e-flex e-con-boxed sc_layouts_column_icons_position_left e-con e-parent\" data-id=\"2d0f322\" data-element_type=\"container\" data-e-type=\"container\">\n\t\t\t\t\t<div class=\"e-con-inner\">\n\t\t<div data-animation-type=\"block\" class=\"elementor-element elementor-element-62872278 e-con-full e-flex sc_layouts_column_icons_position_left animation_type_block elementor-invisible e-con e-child\" data-id=\"62872278\" data-element_type=\"container\" data-e-type=\"container\" data-settings=\"{&quot;animation&quot;:&quot;ta_fadeinup&quot;}\">\n\t\t\t\t<div class=\"elementor-element elementor-element-47ae7e85 sc_fly_static elementor-widget elementor-widget-heading\" data-id=\"47ae7e85\" data-element_type=\"widget\" data-e-type=\"widget\" data-widget_type=\"heading.default\">\n\t\t\t\t\t<h6 class=\"elementor-heading-title elementor-size-default\">Nosotros creemos<\/h6>\t\t\t\t<\/div>\n\t\t\t\t<div class=\"elementor-element elementor-element-62a16f51 elementor-widget__width-initial sc_fly_static elementor-widget elementor-widget-heading\" data-id=\"62a16f51\" data-element_type=\"widget\" data-e-type=\"widget\" data-widget_type=\"heading.default\">\n\t\t\t\t\t<h2 class=\"elementor-heading-title elementor-size-default\">El prop\u00f3sito<\/h2>\t\t\t\t<\/div>\n\t\t\t\t<\/div>\n\t\t<div class=\"e-con-gap-no elementor-element elementor-element-7bbafc35 e-con-full e-flex sc_layouts_column_icons_position_left e-con e-child\" data-id=\"7bbafc35\" data-element_type=\"container\" data-e-type=\"container\">\n\t\t<div data-animation-type=\"block\" class=\"elementor-element elementor-element-6566663a e-con-full e-flex sc_layouts_column_icons_position_left animation_type_block elementor-invisible e-con e-child\" data-id=\"6566663a\" data-element_type=\"container\" data-e-type=\"container\" data-settings=\"{&quot;animation&quot;:&quot;ta_fadeinup&quot;,&quot;animation_delay&quot;:100}\">\n\t\t\t\t<div class=\"elementor-element elementor-element-3811040f elementor-widget__width-initial sc_fly_static elementor-widget elementor-widget-text-editor\" data-id=\"3811040f\" data-element_type=\"widget\" data-e-type=\"widget\" data-widget_type=\"text-editor.default\">\n\t\t\t\t\t\t\t\t\t<p><em>\u00c9l hizo todo hermoso en su tiempo, y puso la eternidad en el coraz\u00f3n de los hombres\u2026 (Eclesiast\u00e9s 3:11)<\/em><\/p><p>Creemos que Dios cre\u00f3 a cada ser humano con un prop\u00f3sito, y que cuando una persona lo descubre y lo desarrolla, deja un legado en la tierra. A esto le llamamos \u00e9xito.<\/p>\t\t\t\t\t\t\t\t<\/div>\n\t\t<div class=\"e-con-gap-no elementor-element elementor-element-410be9fd e-con-full e-flex sc_layouts_column_icons_position_left e-con e-child\" data-id=\"410be9fd\" data-element_type=\"container\" data-e-type=\"container\" data-settings=\"{&quot;background_background&quot;:&quot;classic&quot;}\">\n\t\t\t\t<\/div>\n\t\t\t\t<\/div>\n\t\t\t\t<\/div>\n\t\t\t\t\t<\/div>\n\t\t\t\t<\/div>\n\t\t<div class=\"elementor-element elementor-element-6701bd3 e-flex e-con-boxed sc_layouts_column_icons_position_left e-con e-parent\" data-id=\"6701bd3\" data-element_type=\"container\" data-e-type=\"container\" data-settings=\"{&quot;background_background&quot;:&quot;classic&quot;}\">\n\t\t\t\t\t<div class=\"e-con-inner\">\n\t\t<div data-animation-type=\"block\" class=\"elementor-element elementor-element-6bed1a9 e-con-full e-flex sc_layouts_column_icons_position_left animation_type_block elementor-invisible e-con e-child\" data-id=\"6bed1a9\" data-element_type=\"container\" data-e-type=\"container\" data-settings=\"{&quot;animation&quot;:&quot;ta_fadeinup&quot;}\">\n\t\t\t\t<div class=\"elementor-element elementor-element-131c9e2 sc_fly_static elementor-widget elementor-widget-heading\" data-id=\"131c9e2\" data-element_type=\"widget\" data-e-type=\"widget\" data-widget_type=\"heading.default\">\n\t\t\t\t\t<h6 class=\"elementor-heading-title elementor-size-default\">Nosotros creemos<\/h6>\t\t\t\t<\/div>\n\t\t\t\t<div class=\"elementor-element elementor-element-9f36f9e elementor-widget__width-initial sc_fly_static elementor-widget elementor-widget-heading\" data-id=\"9f36f9e\" data-element_type=\"widget\" data-e-type=\"widget\" data-widget_type=\"heading.default\">\n\t\t\t\t\t<h2 class=\"elementor-heading-title elementor-size-default\">El car\u00e1cter de Cristo<\/h2>\t\t\t\t<\/div>\n\t\t\t\t<\/div>\n\t\t<div class=\"e-con-gap-no elementor-element elementor-element-de65865 e-con-full e-flex sc_layouts_column_icons_position_left e-con e-child\" data-id=\"de65865\" data-element_type=\"container\" data-e-type=\"container\">\n\t\t<div data-animation-type=\"block\" class=\"elementor-element elementor-element-5dfe1f4 e-con-full e-flex sc_layouts_column_icons_position_left animation_type_block elementor-invisible e-con e-child\" data-id=\"5dfe1f4\" data-element_type=\"container\" data-e-type=\"container\" data-settings=\"{&quot;animation&quot;:&quot;ta_fadeinup&quot;,&quot;animation_delay&quot;:100}\">\n\t\t<div class=\"e-con-gap-no elementor-element elementor-element-9fd516f e-con-full e-flex sc_layouts_column_icons_position_left e-con e-child\" data-id=\"9fd516f\" data-element_type=\"container\" data-e-type=\"container\" data-settings=\"{&quot;background_background&quot;:&quot;classic&quot;}\">\n\t\t\t\t<\/div>\n\t\t\t\t<div class=\"elementor-element elementor-element-7f02f40 elementor-widget__width-initial sc_fly_static elementor-widget elementor-widget-text-editor\" data-id=\"7f02f40\" data-element_type=\"widget\" data-e-type=\"widget\" data-widget_type=\"text-editor.default\">\n\t\t\t\t\t\t\t\t\t<p><em>\u2026hasta que todos lleguemos a la unidad de la fe y del conocimiento del Hijo de Dios, a un hombre perfecto, a la medida de la estatura de la plenitud de Cristo (Efesios 4:13).<\/em><\/p><p>Creemos que la meta de todo hombre y mujer en la tierra es cultivar el car\u00e1cter de Jes\u00fas en su vida: ser bondadosos, \u00edntegros, humildes, temerosos de Dios, sant\u00edsimos y maduros, tal como \u00c9l lo fue. Jes\u00fas es nuestro modelo a seguir.<\/p>\t\t\t\t\t\t\t\t<\/div>\n\t\t\t\t<\/div>\n\t\t\t\t<\/div>\n\t\t\t\t\t<\/div>\n\t\t\t\t<\/div>\n\t\t\t\t<\/div>\n\t\t","protected":false},"excerpt":{"rendered":"<p>Nosotros creemos El prop\u00f3sito \u00c9l hizo todo hermoso en su tiempo, y puso&hellip;<\/p>\n","protected":false},"author":1,"featured_media":0,"parent":0,"menu_order":0,"comment_status":"closed","ping_status":"closed","template":"","meta":{"give_campaign_id":0,"_price":"","_stock":"","_tribe_ticket_header":"","_tribe_default_ticket_provider":"TEC\\Tickets\\Commerce\\Module","_tribe_ticket_capacity":"0","_ticket_start_date":"","_ticket_end_date":"","_tribe_ticket_show_description":"","_tribe_ticket_show_not_going":false,"_tribe_ticket_use_global_stock":"","_tribe_ticket_global_stock_level":"","_global_stock_mode":"","_global_stock_cap":"","_tribe_rsvp_for_event":"","_tribe_ticket_going_count":"","_tribe_ticket_not_going_count":"","_tribe_tickets_list":"[]","_tribe_ticket_has_attendee_info_fields":false,"footnotes":"","_tec_slr_enabled":"","_tec_slr_layout":""},"class_list":["post-8092","page","type-page","status-publish","hentry"],"campaignId":"","ticketed":false,"_links":{"self":[{"href":"https:\/\/mountofoliveschurch.ca\/es\/wp-json\/wp\/v2\/pages\/8092","targetHints":{"allow":["GET"]}}],"collection":[{"href":"https:\/\/mountofoliveschurch.ca\/es\/wp-json\/wp\/v2\/pages"}],"about":[{"href":"https:\/\/mountofoliveschurch.ca\/es\/wp-json\/wp\/v2\/types\/page"}],"author":[{"embeddable":true,"href":"https:\/\/mountofoliveschurch.ca\/es\/wp-json\/wp\/v2\/users\/1"}],"replies":[{"embeddable":true,"href":"https:\/\/mountofoliveschurch.ca\/es\/wp-json\/wp\/v2\/comments?post=8092"}],"version-history":[{"count":4,"href":"https:\/\/mountofoliveschurch.ca\/es\/wp-json\/wp\/v2\/pages\/8092\/revisions"}],"predecessor-version":[{"id":8098,"href":"https:\/\/mountofoliveschurch.ca\/es\/wp-json\/wp\/v2\/pages\/8092\/revisions\/8098"}],"wp:attachment":[{"href":"https:\/\/mountofoliveschurch.ca\/es\/wp-json\/wp\/v2\/media?parent=8092"}],"curies":[{"name":"wp","href":"https:\/\/api.w.org\/{rel}","templated":true}]}}