{"id":8126,"date":"2024-09-16T09:34:31","date_gmt":"2024-09-16T09:34:31","guid":{"rendered":"https:\/\/mountofoliveschurch.ca\/privacy-policy\/"},"modified":"2026-04-23T07:47:36","modified_gmt":"2026-04-23T07:47:36","slug":"privacy-policy","status":"publish","type":"page","link":"https:\/\/mountofoliveschurch.ca\/es\/privacy-policy\/","title":{"rendered":"pol\u00edtica de privacidad"},"content":{"rendered":"\t\t<div data-elementor-type=\"wp-page\" data-elementor-id=\"8126\" class=\"elementor elementor-8126 elementor-3\" data-elementor-post-type=\"page\">\n\t\t\t\t<div class=\"e-con-gap-no elementor-element elementor-element-2b8d27ac e-flex e-con-boxed sc_layouts_column_icons_position_left animation_type_block elementor-invisible e-con e-parent\" data-animation-type=\"block\" data-id=\"2b8d27ac\" data-element_type=\"container\" data-e-type=\"container\" data-settings=\"{&quot;background_background&quot;:&quot;classic&quot;,&quot;animation&quot;:&quot;ta_fadein&quot;}\">\n\t\t\t\t\t<div class=\"e-con-inner\">\n\t\t<div class=\"elementor-element elementor-element-2f1b05f2 e-con-full e-flex sc_layouts_column_icons_position_left e-con e-child\" data-id=\"2f1b05f2\" data-element_type=\"container\" data-e-type=\"container\">\n\t\t\t\t<div class=\"elementor-element elementor-element-65bc65d6 sc_fly_static elementor-widget elementor-widget-shortcode\" data-id=\"65bc65d6\" data-element_type=\"widget\" data-e-type=\"widget\" data-widget_type=\"shortcode.default\">\n\t\t\t\t\t\t\t<div class=\"elementor-shortcode\"><\/div>\n\t\t\t\t\t\t<\/div>\n\t\t\t\t<\/div>\n\t\t\t\t\t<\/div>\n\t\t\t\t<\/div>\n\t\t<div class=\"elementor-element elementor-element-740ff2d e-flex e-con-boxed sc_layouts_column_icons_position_left e-con e-parent\" data-id=\"740ff2d\" data-element_type=\"container\" data-e-type=\"container\">\n\t\t\t\t\t<div class=\"e-con-inner\">\n\t\t\t\t<div class=\"elementor-element elementor-element-de08e8d sc_fly_static elementor-widget elementor-widget-text-editor\" data-id=\"de08e8d\" data-element_type=\"widget\" data-e-type=\"widget\" data-widget_type=\"text-editor.default\">\n\t\t\t\t\t\t\t\t\t<section class=\"privacy-policy\"><h1>pol\u00edtica de privacidad<\/h1><p>En la Iglesia del Monte de los Olivos, la transparencia en la forma en que recopilamos, usamos y divulgamos su informaci\u00f3n personal es importante para nosotros.<\/p><p>Esta pol\u00edtica de privacidad (la \u201cPol\u00edtica\u201d) tiene como objetivo informarle sobre nuestras pr\u00e1cticas en relaci\u00f3n con el tratamiento de datos personales. Queremos informarle sobre los fines y m\u00e9todos mediante los cuales recopilamos su informaci\u00f3n personal, as\u00ed como sobre c\u00f3mo se almacena y utiliza.<\/p><p>Si tiene alguna pregunta sobre esta pol\u00edtica o sobre nuestras pr\u00e1cticas relativas al tratamiento de su informaci\u00f3n personal, si desea recibir una copia de sus datos personales o si desea que se eliminen sus datos personales, puede ponerse en contacto con nosotros a trav\u00e9s de la siguiente informaci\u00f3n de contacto:<\/p><p><strong>Responsable de Informaci\u00f3n Personal<\/strong><\/p><p>Pastor Mariela Gutierrez<br \/><a href=\"mailto:montedelosolivostoronto@hotmail.com\">montedelosolivostoronto@hotmail.com<\/a><br \/>647-831-9697<br \/>65 Brydon Drive, Central Etobicoke<br \/>ON, Canada, M9W 4N3<\/p><p>Nuestra direcci\u00f3n web es:<br \/><a href=\"https:\/\/mountofoliveschurch.ca\/\" target=\"_blank\" rel=\"noopener\">https:\/\/mountofoliveschurch.ca\/<\/a><\/p><h2>Comentarios<\/h2><p>Cuando usted deja un comentario en nuestro sitio web, los datos introducidos en el formulario de comentarios, as\u00ed como su direcci\u00f3n IP y el agente de usuario de su navegador, se recopilan para ayudarnos a detectar comentarios no deseados.<\/p><h2>Cuando usted deja un comentario en nuestro sitio web, los datos introducidos en el formulario de comentarios, as\u00ed como su direcci\u00f3n IP y el agente de usuario de su navegador, se recopilan para ayudarnos a detectar comentarios no deseados.<\/h2><p>Si subes im\u00e1genes al sitio web, te recomendamos evitar aquellas que contengan coordenadas GPS en los metadatos EXIF. Los visitantes de este sitio web pueden descargar y extraer los datos de ubicaci\u00f3n de estas im\u00e1genes.<\/p><h2>Galletas<\/h2><p>Si reservas una videollamada por Zoom en nuestro sitio web, tendr\u00e1s la opci\u00f3n de guardar tu nombre, correo electr\u00f3nico y direcci\u00f3n postal en cookies. Esto simplifica el proceso para que no tengas que volver a introducir esta informaci\u00f3n si reservas otra reuni\u00f3n m\u00e1s adelante. Estas cookies caducan al cabo de un a\u00f1o.<\/p><p>Si proporcionas informaci\u00f3n personal para reservar una reuni\u00f3n, los datos se registrar\u00e1n en nuestro sistema (descrito a continuaci\u00f3n) para que podamos ponernos en contacto contigo en los d\u00edas posteriores a tu solicitud. Si no se reserva ninguna reuni\u00f3n con un miembro de nuestro equipo, los datos se conservar\u00e1n en el mismo sistema indefinidamente, por si decides contactarnos para otra reuni\u00f3n.<\/p><h2>Contenido incrustado de otros sitios web<\/h2><p>Los art\u00edculos de este sitio pueden incluir contenido incrustado (por ejemplo, v\u00eddeos, im\u00e1genes, art\u00edculos, etc.). El contenido incrustado de otros sitios web se comporta igual que si el visitante estuviera visitando directamente esos sitios.<\/p><p>Estos sitios web pueden recopilar datos sobre usted, usar cookies, instalar herramientas de seguimiento de terceros o rastrear sus interacciones con el contenido incrustado si tiene una cuenta y ha iniciado sesi\u00f3n en su sitio web.<\/p><h2>\u00bfCon qui\u00e9n compartimos tus datos?<\/h2><p>No compartimos ning\u00fan dato con socios, proveedores ni terceros, a menos que le abramos una cuenta con su consentimiento.<\/p><h2>\u00bfD\u00f3nde se almacenan sus datos?<\/h2><p>No conservamos informaci\u00f3n m\u00e9dica confidencial (como n\u00fameros de seguro social, n\u00fameros de seguro m\u00e9dico o n\u00fameros de tarjeta de cr\u00e9dito) y recomendamos a nuestros clientes que nunca nos transmitan este tipo de datos. Al pagar las facturas de la Iglesia Mount of Olives, sus datos bancarios o de tarjeta de cr\u00e9dito estar\u00e1n temporalmente presentes en el sitio web seguro de Stripe o PayPal, pero nunca en nuestro sistema. Dado que a menudo se requiere acceso a ellos mientras usted es cliente de la Iglesia Mount of Olives, los datos personales y profesionales cr\u00edticos se almacenan en una caja fuerte digital cifrada con un alto nivel de encriptaci\u00f3n.<\/p><p>Otros datos de nuestros clientes son almacenados por la Iglesia Mount of Olives con una fuente confiable que guarda los datos en servidores cifrados.<\/p><h2>\u00bfDurante cu\u00e1nto tiempo se conservan sus datos?<\/h2><p>Nuestro objetivo es fidelizar a nuestros clientes a largo plazo, por lo que conservamos sus datos indefinidamente. Esto nos permite brindarles asistencia r\u00e1pida cuando la soliciten. Adem\u00e1s, estos datos se almacenan en nuestras soluciones seguras.<\/p><p>Para los usuarios que se registran en nuestro sitio web, tambi\u00e9n conservamos los datos personales que proporcionan en su perfil. Todos los usuarios pueden consultar, modificar o eliminar su informaci\u00f3n personal en cualquier momento.<\/p><h2>\u00bfCu\u00e1les son sus derechos con respecto a sus datos?<\/h2><p>Si nos escribe a montedelosolivostoronto@hotmail.com, puede solicitar un archivo con todos sus datos personales, incluidos los que nos ha proporcionado. Tambi\u00e9n puede solicitar la eliminaci\u00f3n de sus datos personales. Esto no incluye los datos que conservamos por motivos administrativos, legales o de seguridad.<\/p><\/section>\t\t\t\t\t\t\t\t<\/div>\n\t\t\t\t\t<\/div>\n\t\t\t\t<\/div>\n\t\t\t\t<\/div>\n\t\t","protected":false},"excerpt":{"rendered":"<p>pol\u00edtica de privacidad En la Iglesia del Monte de los Olivos, la transparencia&hellip;<\/p>\n","protected":false},"author":1,"featured_media":0,"parent":0,"menu_order":0,"comment_status":"closed","ping_status":"closed","template":"","meta":{"give_campaign_id":0,"_price":"","_stock":"","_tribe_ticket_header":"","_tribe_default_ticket_provider":"TEC\\Tickets\\Commerce\\Module","_tribe_ticket_capacity":"0","_ticket_start_date":"","_ticket_end_date":"","_tribe_ticket_show_description":"","_tribe_ticket_show_not_going":false,"_tribe_ticket_use_global_stock":"","_tribe_ticket_global_stock_level":"","_global_stock_mode":"","_global_stock_cap":"","_tribe_rsvp_for_event":"","_tribe_ticket_going_count":"","_tribe_ticket_not_going_count":"","_tribe_tickets_list":"[]","_tribe_ticket_has_attendee_info_fields":false,"footnotes":"","_tec_slr_enabled":"","_tec_slr_layout":""},"class_list":["post-8126","page","type-page","status-publish","hentry"],"campaignId":"","ticketed":false,"_links":{"self":[{"href":"https:\/\/mountofoliveschurch.ca\/es\/wp-json\/wp\/v2\/pages\/8126","targetHints":{"allow":["GET"]}}],"collection":[{"href":"https:\/\/mountofoliveschurch.ca\/es\/wp-json\/wp\/v2\/pages"}],"about":[{"href":"https:\/\/mountofoliveschurch.ca\/es\/wp-json\/wp\/v2\/types\/page"}],"author":[{"embeddable":true,"href":"https:\/\/mountofoliveschurch.ca\/es\/wp-json\/wp\/v2\/users\/1"}],"replies":[{"embeddable":true,"href":"https:\/\/mountofoliveschurch.ca\/es\/wp-json\/wp\/v2\/comments?post=8126"}],"version-history":[{"count":7,"href":"https:\/\/mountofoliveschurch.ca\/es\/wp-json\/wp\/v2\/pages\/8126\/revisions"}],"predecessor-version":[{"id":8134,"href":"https:\/\/mountofoliveschurch.ca\/es\/wp-json\/wp\/v2\/pages\/8126\/revisions\/8134"}],"wp:attachment":[{"href":"https:\/\/mountofoliveschurch.ca\/es\/wp-json\/wp\/v2\/media?parent=8126"}],"curies":[{"name":"wp","href":"https:\/\/api.w.org\/{rel}","templated":true}]}}